{"id":647,"date":"2025-12-15T10:55:59","date_gmt":"2025-12-15T09:55:59","guid":{"rendered":"https:\/\/housing-re.com\/a-propos-de-nous\/"},"modified":"2026-04-23T08:58:09","modified_gmt":"2026-04-23T06:58:09","slug":"a-propos-de-nous","status":"publish","type":"page","link":"https:\/\/housing-re.com\/fr\/a-propos-de-nous\/","title":{"rendered":"\u00c0 propos de nous"},"content":{"rendered":"<section class=\"l-section wpb_row us_custom_30aa8f32 has_text_color height_huge\"><div class=\"l-section-h i-cf\"><div class=\"g-cols vc_row via_grid cols_2 laptops-cols_inherit tablets-cols_inherit mobiles-cols_1 valign_middle type_default stacking_default\" style=\"--columns-gap:4.8rem;\"><div class=\"wpb_column vc_column_container\"><div class=\"vc_column-inner\"><nav class=\"g-breadcrumbs us_custom_75b883ef separator_icon align_none\" itemscope itemtype=\"http:\/\/schema.org\/BreadcrumbList\"><div class=\"g-breadcrumbs-item\" itemscope itemprop=\"itemListElement\" itemtype=\"http:\/\/schema.org\/ListItem\"><a itemprop=\"item\" href=\"http:\/\/housing-re.com\/fr\/\"><span itemprop=\"name\">Accueil<\/span><\/a><meta itemprop=\"position\" content=\"1\"\/><\/div><div class=\"g-breadcrumbs-separator\"><i class=\"far fa-angle-right\"><\/i><\/div><div class=\"g-breadcrumbs-item\">Pages<\/div><\/nav><h1 class=\"w-text\"><span class=\"w-text-h\"><span class=\"w-text-value\">\u00c0 propos de nous<\/span><\/span><\/h1><div class=\"w-hwrapper us_custom_fab4abd9 valign_middle align_left\" style=\"--hwrapper-gap:0.5rem\"><span class=\"w-text us_custom_f4397b66\"><span class=\"w-text-h\"><span class=\"w-text-value\">Soutenu par le cabinet de conseil Loyal<\/span><\/span><\/span><div class=\"w-image align_none\"><div class=\"w-image-h\"><img decoding=\"async\" width=\"29\" height=\"29\" src=\"https:\/\/housing-re.com\/wp-content\/uploads\/2026\/02\/logo-loyal-mini.png\" class=\"attachment-full size-full\" alt=\"\" loading=\"lazy\" \/><\/div><\/div><\/div><div class=\"wpb_text_column\"><div class=\"wpb_wrapper\"><p>Chez Housing R.E, nous offrons un service immobilier complet pour vous accompagner \u00e0 chaque \u00e9tape de l\u2019achat ou de la vente d\u2019une propri\u00e9t\u00e9 en Andorre. Ce qui nous diff\u00e9rencie, c\u2019est notre vision globale de l\u2019investisseur : au-del\u00e0 de la recherche du bien immobilier, nous vous conseillons en mati\u00e8re de r\u00e9sidence, d\u2019investissement \u00e9tranger et de structure soci\u00e9taire, assurant un accompagnement personnalis\u00e9 et coh\u00e9rent avec vos objectifs patrimoniaux.<\/p>\n<\/div><\/div><\/div><\/div><div class=\"wpb_column vc_column_container\"><div class=\"vc_column-inner\"><div class=\"w-image align_none\"><div class=\"w-image-h\"><img decoding=\"async\" width=\"593\" height=\"138\" src=\"https:\/\/housing-re.com\/wp-content\/uploads\/2025\/12\/Grupo-216.png\" class=\"attachment-large size-large\" alt=\"\" loading=\"lazy\" srcset=\"https:\/\/housing-re.com\/wp-content\/uploads\/2025\/12\/Grupo-216.png 593w, https:\/\/housing-re.com\/wp-content\/uploads\/2025\/12\/Grupo-216-300x70.png 300w\" sizes=\"auto, (max-width: 593px) 100vw, 593px\" \/><\/div><\/div><\/div><\/div><\/div><\/div><\/section><section class=\"l-section wpb_row us_custom_1f5f827b height_medium\"><div class=\"l-section-h i-cf\"><div class=\"g-cols vc_row via_grid cols_4 laptops-cols_inherit tablets-cols_inherit mobiles-cols_1 valign_top type_default stacking_default\"><div class=\"wpb_column vc_column_container\"><div class=\"vc_column-inner\"><div class=\"w-image us_custom_d69c2fe8 has_height align_center\"><div class=\"w-image-h\"><img decoding=\"async\" width=\"102\" height=\"102\" src=\"https:\/\/housing-re.com\/wp-content\/uploads\/2025\/12\/sobre-nosotros-4.png\" class=\"attachment-thumbnail size-thumbnail\" alt=\"\" loading=\"lazy\" \/><\/div><\/div><div class=\"wpb_text_column us_custom_44fd220d has_text_color\"><div class=\"wpb_wrapper\"><h4 style=\"text-align: center;\">Engagement<\/h4>\n<p style=\"text-align: center;\">Nous nous impliquons dans chaque op\u00e9ration comme si c\u2019\u00e9tait la n\u00f4tre, en vous accompagnant tout au long du processus avec proximit\u00e9 et responsabilit\u00e9.<\/p>\n<\/div><\/div><\/div><\/div><div class=\"wpb_column vc_column_container\"><div class=\"vc_column-inner\"><div class=\"w-image us_custom_a7a85d1d has_height align_center\"><div class=\"w-image-h\"><img decoding=\"async\" width=\"102\" height=\"102\" src=\"https:\/\/housing-re.com\/wp-content\/uploads\/2025\/12\/Grupo-5737.png\" class=\"attachment-thumbnail size-thumbnail\" alt=\"\" loading=\"lazy\" \/><\/div><\/div><div class=\"wpb_text_column us_custom_44fd220d has_text_color\"><div class=\"wpb_wrapper\"><h4 style=\"text-align: center;\">Int\u00e9grit\u00e9<\/h4>\n<p style=\"text-align: center;\">Nous agissons avec transparence, honn\u00eatet\u00e9 et respect des r\u00e9glementations, afin que vous puissiez prendre des d\u00e9cisions en toute confiance.<\/p>\n<\/div><\/div><\/div><\/div><div class=\"wpb_column vc_column_container\"><div class=\"vc_column-inner\"><div class=\"w-image us_custom_c04a71d7 has_height align_center\"><div class=\"w-image-h\"><img decoding=\"async\" width=\"102\" height=\"102\" src=\"https:\/\/housing-re.com\/wp-content\/uploads\/2025\/12\/sobre-nosotros-2.png\" class=\"attachment-thumbnail size-thumbnail\" alt=\"\" loading=\"lazy\" \/><\/div><\/div><div class=\"wpb_text_column us_custom_44fd220d has_text_color\"><div class=\"wpb_wrapper\"><h4 style=\"text-align: center;\">Excellence<\/h4>\n<p style=\"text-align: center;\">Nous travaillons avec rigueur et souci du d\u00e9tail pour vous offrir un service immobilier pr\u00e9cis, efficace et professionnel.<\/p>\n<\/div><\/div><\/div><\/div><div class=\"wpb_column vc_column_container\"><div class=\"vc_column-inner\"><div class=\"w-image us_custom_c04a71d7 has_height align_center\"><div class=\"w-image-h\"><img decoding=\"async\" width=\"102\" height=\"102\" src=\"https:\/\/housing-re.com\/wp-content\/uploads\/2025\/12\/sobre-nosotros-3.png\" class=\"attachment-thumbnail size-thumbnail\" alt=\"\" loading=\"lazy\" \/><\/div><\/div><div class=\"wpb_text_column us_custom_44fd220d has_text_color\"><div class=\"wpb_wrapper\"><h4 style=\"text-align: center;\">Loyaut\u00e9<\/h4>\n<p style=\"text-align: center;\">Nous d\u00e9fendons toujours vos int\u00e9r\u00eats et construisons des relations de confiance \u00e0 long terme, avant, pendant et apr\u00e8s chaque op\u00e9ration.<\/p>\n<\/div><\/div><\/div><\/div><\/div><\/div><\/section><section class=\"l-section wpb_row height_auto\"><div class=\"l-section-h i-cf\"><div class=\"g-cols vc_row via_grid cols_2 laptops-cols_inherit tablets-cols_inherit mobiles-cols_1 valign_middle type_default stacking_default\"><div class=\"wpb_column vc_column_container\"><div class=\"vc_column-inner\"><h2 class=\"w-text us_custom_f365b7f3\"><span class=\"w-text-h\"><span class=\"w-text-value\">Notre vision<\/span><\/span><\/h2><div class=\"wpb_text_column\"><div class=\"wpb_wrapper\"><p>Offrir un mod\u00e8le d\u2019affaires diff\u00e9renci\u00e9 sur le march\u00e9 immobilier, gr\u00e2ce \u00e0 une proposition innovante de services qui comprend de nouveaux projets, l\u2019achat, la vente, la location et la conciergerie.<\/p>\n<\/div><\/div><\/div><\/div><div class=\"wpb_column vc_column_container\"><div class=\"vc_column-inner\"><div class=\"w-image align_none\"><div class=\"w-image-h\"><img decoding=\"async\" width=\"960\" height=\"557\" src=\"https:\/\/housing-re.com\/wp-content\/uploads\/2025\/12\/housing-propiedades-en-andorra-sobre-nosotros.jpg\" class=\"attachment-large size-large\" alt=\"\" loading=\"lazy\" srcset=\"https:\/\/housing-re.com\/wp-content\/uploads\/2025\/12\/housing-propiedades-en-andorra-sobre-nosotros.jpg 960w, https:\/\/housing-re.com\/wp-content\/uploads\/2025\/12\/housing-propiedades-en-andorra-sobre-nosotros-300x174.jpg 300w\" sizes=\"auto, (max-width: 960px) 100vw, 960px\" \/><\/div><\/div><\/div><\/div><\/div><\/div><\/section><section class=\"l-section wpb_row us_custom_4611995d height_large\"><div class=\"l-section-h i-cf\"><div class=\"g-cols vc_row via_grid cols_1-3-1 laptops-cols_inherit tablets-cols_inherit mobiles-cols_1 valign_top type_default stacking_default\"><div class=\"wpb_column vc_column_container\"><div class=\"vc_column-inner\"><\/div><\/div><div class=\"wpb_column vc_column_container us_custom_345c8b9d has_text_color\"><div class=\"vc_column-inner\"><h2 class=\"w-text us_custom_0c4dbdce has_text_color\"><span class=\"w-text-h\"><span class=\"w-text-value\">Notre mission<\/span><\/span><\/h2><div class=\"wpb_text_column\"><div class=\"wpb_wrapper\"><p style=\"text-align: center;\">Apporter transparence, efficacit\u00e9 et simplicit\u00e9 au march\u00e9 immobilier, en aidant nos clients \u00e0 prendre les bonnes d\u00e9cisions dans le domaine du \u00ab&nbsp;housing&nbsp;\u00bb.<\/p>\n<\/div><\/div><\/div><\/div><div class=\"wpb_column vc_column_container\"><div class=\"vc_column-inner\"><\/div><\/div><\/div><\/div><\/section><section class=\"l-section wpb_row height_medium width_full with_img\"><div class=\"l-section-img\" role=\"img\" aria-label=\"Image\" data-img-width=\"960\" data-img-height=\"557\" style=\"background-image: url(https:\/\/housing-re.com\/wp-content\/uploads\/2025\/12\/housing-propiedades-en-andorra-sobre-nosotros.jpg);background-position: bottom center;\"><\/div><div class=\"l-section-h i-cf\"><div class=\"g-cols vc_row via_grid cols_1 laptops-cols_inherit tablets-cols_inherit mobiles-cols_1 valign_top type_default stacking_default\"><div class=\"wpb_column vc_column_container\"><div class=\"vc_column-inner\"><div class=\"w-image align_center\"><div class=\"w-image-h\"><img decoding=\"async\" width=\"151\" height=\"156\" src=\"https:\/\/housing-re.com\/wp-content\/uploads\/2025\/12\/pripiedades-en-andorra.png\" class=\"attachment-full size-full\" alt=\"\" loading=\"lazy\" \/><\/div><\/div><h4 class=\"w-text us_custom_931c570e has_text_color\"><span class=\"w-text-h\"><span class=\"w-text-value\">Travaillez avec nous<\/span><\/span><\/h4><div class=\"wpb_text_column us_custom_328afc05 has_text_color\"><div class=\"wpb_wrapper\"><p>Travailler chez Housing R.E, c\u2019est combiner exp\u00e9rience locale et attention sur mesure.<\/p>\n<\/div><\/div><div class=\"w-btn-wrapper align_center\"><a class=\"w-btn us-btn-style_1 icon_atleft\" href=\"#\"><i class=\"fas fa-mobile-alt\"><\/i><span class=\"w-btn-label\">Appelez-nous&amp;nbsp;!<\/span><\/a><\/div><div class=\"w-btn-wrapper align_center\"><a class=\"w-btn us-btn-style_1 icon_atleft\" href=\"#\"><i class=\"fas fa-envelope\"><\/i><span class=\"w-btn-label\">info@housing-re.com<\/span><\/a><\/div><\/div><\/div><\/div><\/div><\/section>\n","protected":false},"excerpt":{"rendered":"AccueilPages\u00c0 propos de nousSoutenu par le cabinet de conseil LoyalChez Housing R.E, nous offrons un service immobilier complet pour vous accompagner \u00e0 chaque \u00e9tape de l\u2019achat ou de la vente d\u2019une propri\u00e9t\u00e9 en Andorre. Ce qui nous diff\u00e9rencie, c\u2019est notre vision globale de l\u2019investisseur : au-del\u00e0 de la recherche du bien immobilier, nous vous conseillons...","protected":false},"author":3,"featured_media":0,"parent":0,"menu_order":0,"comment_status":"closed","ping_status":"closed","template":"","meta":{"_acf_changed":false,"footnotes":""},"class_list":["post-647","page","type-page","status-publish","hentry"],"acf":[],"yoast_head":"<!-- This site is optimized with the Yoast SEO plugin v27.4 - https:\/\/yoast.com\/product\/yoast-seo-wordpress\/ -->\n<title>\u00c0 propos de nous - Housing-re<\/title>\n<meta name=\"description\" content=\"Housing Real State est une agence immobili\u00e8re sp\u00e9cialis\u00e9e dans les propri\u00e9t\u00e9s exclusives en Andorre, offrant des conseils professionnels et une attention personnalis\u00e9e.\" \/>\n<meta name=\"robots\" content=\"index, follow, max-snippet:-1, max-image-preview:large, max-video-preview:-1\" \/>\n<link rel=\"canonical\" href=\"https:\/\/housing-re.com\/fr\/a-propos-de-nous\/\" \/>\n<meta property=\"og:locale\" content=\"fr_FR\" \/>\n<meta property=\"og:type\" content=\"article\" \/>\n<meta property=\"og:title\" content=\"\u00c0 propos de nous - Housing-re\" \/>\n<meta property=\"og:description\" content=\"Housing Real State est une agence immobili\u00e8re sp\u00e9cialis\u00e9e dans les propri\u00e9t\u00e9s exclusives en Andorre, offrant des conseils professionnels et une attention personnalis\u00e9e.\" \/>\n<meta property=\"og:url\" content=\"https:\/\/housing-re.com\/fr\/a-propos-de-nous\/\" \/>\n<meta property=\"og:site_name\" content=\"Housing-re\" \/>\n<meta property=\"article:modified_time\" content=\"2026-04-23T06:58:09+00:00\" \/>\n<meta property=\"og:image\" content=\"https:\/\/housing-re.com\/wp-content\/uploads\/2025\/12\/housing.png\" \/>\n<meta name=\"twitter:card\" content=\"summary_large_image\" \/>\n<meta name=\"twitter:label1\" content=\"Dur\u00e9e de lecture estim\u00e9e\" \/>\n\t<meta name=\"twitter:data1\" content=\"11 minutes\" \/>\n<script type=\"application\/ld+json\" class=\"yoast-schema-graph\">{\"@context\":\"https:\\\/\\\/schema.org\",\"@graph\":[{\"@type\":\"WebPage\",\"@id\":\"https:\\\/\\\/housing-re.com\\\/fr\\\/a-propos-de-nous\\\/\",\"url\":\"https:\\\/\\\/housing-re.com\\\/fr\\\/a-propos-de-nous\\\/\",\"name\":\"\u00c0 propos de nous - Housing-re\",\"isPartOf\":{\"@id\":\"https:\\\/\\\/housing-re.com\\\/fr\\\/#website\"},\"primaryImageOfPage\":{\"@id\":\"https:\\\/\\\/housing-re.com\\\/fr\\\/a-propos-de-nous\\\/#primaryimage\"},\"image\":{\"@id\":\"https:\\\/\\\/housing-re.com\\\/fr\\\/a-propos-de-nous\\\/#primaryimage\"},\"thumbnailUrl\":\"https:\\\/\\\/housing-re.com\\\/wp-content\\\/uploads\\\/2025\\\/12\\\/housing.png\",\"datePublished\":\"2025-12-15T09:55:59+00:00\",\"dateModified\":\"2026-04-23T06:58:09+00:00\",\"description\":\"Housing Real State est une agence immobili\u00e8re sp\u00e9cialis\u00e9e dans les propri\u00e9t\u00e9s exclusives en Andorre, offrant des conseils professionnels et une attention personnalis\u00e9e.\",\"breadcrumb\":{\"@id\":\"https:\\\/\\\/housing-re.com\\\/fr\\\/a-propos-de-nous\\\/#breadcrumb\"},\"inLanguage\":\"fr-FR\",\"potentialAction\":[{\"@type\":\"ReadAction\",\"target\":[\"https:\\\/\\\/housing-re.com\\\/fr\\\/a-propos-de-nous\\\/\"]}]},{\"@type\":\"ImageObject\",\"inLanguage\":\"fr-FR\",\"@id\":\"https:\\\/\\\/housing-re.com\\\/fr\\\/a-propos-de-nous\\\/#primaryimage\",\"url\":\"https:\\\/\\\/housing-re.com\\\/wp-content\\\/uploads\\\/2025\\\/12\\\/housing.png\",\"contentUrl\":\"https:\\\/\\\/housing-re.com\\\/wp-content\\\/uploads\\\/2025\\\/12\\\/housing.png\"},{\"@type\":\"BreadcrumbList\",\"@id\":\"https:\\\/\\\/housing-re.com\\\/fr\\\/a-propos-de-nous\\\/#breadcrumb\",\"itemListElement\":[{\"@type\":\"ListItem\",\"position\":1,\"name\":\"Page d'accueil\",\"item\":\"https:\\\/\\\/housing-re.com\\\/fr\\\/\"},{\"@type\":\"ListItem\",\"position\":2,\"name\":\"\u00c0 propos de nous\"}]},{\"@type\":\"WebSite\",\"@id\":\"https:\\\/\\\/housing-re.com\\\/fr\\\/#website\",\"url\":\"https:\\\/\\\/housing-re.com\\\/fr\\\/\",\"name\":\"Housing-re\",\"description\":\"\",\"publisher\":{\"@id\":\"https:\\\/\\\/housing-re.com\\\/fr\\\/#organization\"},\"potentialAction\":[{\"@type\":\"SearchAction\",\"target\":{\"@type\":\"EntryPoint\",\"urlTemplate\":\"https:\\\/\\\/housing-re.com\\\/fr\\\/?s={search_term_string}\"},\"query-input\":{\"@type\":\"PropertyValueSpecification\",\"valueRequired\":true,\"valueName\":\"search_term_string\"}}],\"inLanguage\":\"fr-FR\"},{\"@type\":\"Organization\",\"@id\":\"https:\\\/\\\/housing-re.com\\\/fr\\\/#organization\",\"name\":\"Housing-re\",\"url\":\"https:\\\/\\\/housing-re.com\\\/fr\\\/\",\"logo\":{\"@type\":\"ImageObject\",\"inLanguage\":\"fr-FR\",\"@id\":\"https:\\\/\\\/housing-re.com\\\/fr\\\/#\\\/schema\\\/logo\\\/image\\\/\",\"url\":\"https:\\\/\\\/housing-re.com\\\/wp-content\\\/uploads\\\/2025\\\/12\\\/housing.png\",\"contentUrl\":\"https:\\\/\\\/housing-re.com\\\/wp-content\\\/uploads\\\/2025\\\/12\\\/housing.png\",\"width\":279,\"height\":21,\"caption\":\"Housing-re\"},\"image\":{\"@id\":\"https:\\\/\\\/housing-re.com\\\/fr\\\/#\\\/schema\\\/logo\\\/image\\\/\"}}]}<\/script>\n<!-- \/ Yoast SEO plugin. -->","yoast_head_json":{"title":"\u00c0 propos de nous - Housing-re","description":"Housing Real State est une agence immobili\u00e8re sp\u00e9cialis\u00e9e dans les propri\u00e9t\u00e9s exclusives en Andorre, offrant des conseils professionnels et une attention personnalis\u00e9e.","robots":{"index":"index","follow":"follow","max-snippet":"max-snippet:-1","max-image-preview":"max-image-preview:large","max-video-preview":"max-video-preview:-1"},"canonical":"https:\/\/housing-re.com\/fr\/a-propos-de-nous\/","og_locale":"fr_FR","og_type":"article","og_title":"\u00c0 propos de nous - Housing-re","og_description":"Housing Real State est une agence immobili\u00e8re sp\u00e9cialis\u00e9e dans les propri\u00e9t\u00e9s exclusives en Andorre, offrant des conseils professionnels et une attention personnalis\u00e9e.","og_url":"https:\/\/housing-re.com\/fr\/a-propos-de-nous\/","og_site_name":"Housing-re","article_modified_time":"2026-04-23T06:58:09+00:00","og_image":[{"url":"https:\/\/housing-re.com\/wp-content\/uploads\/2025\/12\/housing.png","type":"","width":"","height":""}],"twitter_card":"summary_large_image","twitter_misc":{"Dur\u00e9e de lecture estim\u00e9e":"11 minutes"},"schema":{"@context":"https:\/\/schema.org","@graph":[{"@type":"WebPage","@id":"https:\/\/housing-re.com\/fr\/a-propos-de-nous\/","url":"https:\/\/housing-re.com\/fr\/a-propos-de-nous\/","name":"\u00c0 propos de nous - Housing-re","isPartOf":{"@id":"https:\/\/housing-re.com\/fr\/#website"},"primaryImageOfPage":{"@id":"https:\/\/housing-re.com\/fr\/a-propos-de-nous\/#primaryimage"},"image":{"@id":"https:\/\/housing-re.com\/fr\/a-propos-de-nous\/#primaryimage"},"thumbnailUrl":"https:\/\/housing-re.com\/wp-content\/uploads\/2025\/12\/housing.png","datePublished":"2025-12-15T09:55:59+00:00","dateModified":"2026-04-23T06:58:09+00:00","description":"Housing Real State est une agence immobili\u00e8re sp\u00e9cialis\u00e9e dans les propri\u00e9t\u00e9s exclusives en Andorre, offrant des conseils professionnels et une attention personnalis\u00e9e.","breadcrumb":{"@id":"https:\/\/housing-re.com\/fr\/a-propos-de-nous\/#breadcrumb"},"inLanguage":"fr-FR","potentialAction":[{"@type":"ReadAction","target":["https:\/\/housing-re.com\/fr\/a-propos-de-nous\/"]}]},{"@type":"ImageObject","inLanguage":"fr-FR","@id":"https:\/\/housing-re.com\/fr\/a-propos-de-nous\/#primaryimage","url":"https:\/\/housing-re.com\/wp-content\/uploads\/2025\/12\/housing.png","contentUrl":"https:\/\/housing-re.com\/wp-content\/uploads\/2025\/12\/housing.png"},{"@type":"BreadcrumbList","@id":"https:\/\/housing-re.com\/fr\/a-propos-de-nous\/#breadcrumb","itemListElement":[{"@type":"ListItem","position":1,"name":"Page d'accueil","item":"https:\/\/housing-re.com\/fr\/"},{"@type":"ListItem","position":2,"name":"\u00c0 propos de nous"}]},{"@type":"WebSite","@id":"https:\/\/housing-re.com\/fr\/#website","url":"https:\/\/housing-re.com\/fr\/","name":"Housing-re","description":"","publisher":{"@id":"https:\/\/housing-re.com\/fr\/#organization"},"potentialAction":[{"@type":"SearchAction","target":{"@type":"EntryPoint","urlTemplate":"https:\/\/housing-re.com\/fr\/?s={search_term_string}"},"query-input":{"@type":"PropertyValueSpecification","valueRequired":true,"valueName":"search_term_string"}}],"inLanguage":"fr-FR"},{"@type":"Organization","@id":"https:\/\/housing-re.com\/fr\/#organization","name":"Housing-re","url":"https:\/\/housing-re.com\/fr\/","logo":{"@type":"ImageObject","inLanguage":"fr-FR","@id":"https:\/\/housing-re.com\/fr\/#\/schema\/logo\/image\/","url":"https:\/\/housing-re.com\/wp-content\/uploads\/2025\/12\/housing.png","contentUrl":"https:\/\/housing-re.com\/wp-content\/uploads\/2025\/12\/housing.png","width":279,"height":21,"caption":"Housing-re"},"image":{"@id":"https:\/\/housing-re.com\/fr\/#\/schema\/logo\/image\/"}}]}},"_links":{"self":[{"href":"https:\/\/housing-re.com\/fr\/wp-json\/wp\/v2\/pages\/647","targetHints":{"allow":["GET"]}}],"collection":[{"href":"https:\/\/housing-re.com\/fr\/wp-json\/wp\/v2\/pages"}],"about":[{"href":"https:\/\/housing-re.com\/fr\/wp-json\/wp\/v2\/types\/page"}],"author":[{"embeddable":true,"href":"https:\/\/housing-re.com\/fr\/wp-json\/wp\/v2\/users\/3"}],"replies":[{"embeddable":true,"href":"https:\/\/housing-re.com\/fr\/wp-json\/wp\/v2\/comments?post=647"}],"version-history":[{"count":20,"href":"https:\/\/housing-re.com\/fr\/wp-json\/wp\/v2\/pages\/647\/revisions"}],"predecessor-version":[{"id":1952,"href":"https:\/\/housing-re.com\/fr\/wp-json\/wp\/v2\/pages\/647\/revisions\/1952"}],"wp:attachment":[{"href":"https:\/\/housing-re.com\/fr\/wp-json\/wp\/v2\/media?parent=647"}],"curies":[{"name":"wp","href":"https:\/\/api.w.org\/{rel}","templated":true}]}}