{"id":832,"date":"2025-12-15T10:55:59","date_gmt":"2025-12-15T09:55:59","guid":{"rendered":"https:\/\/housing-re.com\/sobre-nosaltres\/"},"modified":"2026-04-23T08:58:09","modified_gmt":"2026-04-23T06:58:09","slug":"sobre-nosaltres","status":"publish","type":"page","link":"https:\/\/housing-re.com\/ca\/sobre-nosaltres\/","title":{"rendered":"Sobre nosaltres"},"content":{"rendered":"<section class=\"l-section wpb_row us_custom_30aa8f32 has_text_color height_huge\"><div class=\"l-section-h i-cf\"><div class=\"g-cols vc_row via_grid cols_2 laptops-cols_inherit tablets-cols_inherit mobiles-cols_1 valign_middle type_default stacking_default\" style=\"--columns-gap:4.8rem;\"><div class=\"wpb_column vc_column_container\"><div class=\"vc_column-inner\"><nav class=\"g-breadcrumbs us_custom_75b883ef separator_icon align_none\" itemscope itemtype=\"http:\/\/schema.org\/BreadcrumbList\"><div class=\"g-breadcrumbs-item\" itemscope itemprop=\"itemListElement\" itemtype=\"http:\/\/schema.org\/ListItem\"><a itemprop=\"item\" href=\"http:\/\/housing-re.com\/ca\/\"><span itemprop=\"name\">Inici<\/span><\/a><meta itemprop=\"position\" content=\"1\"\/><\/div><div class=\"g-breadcrumbs-separator\"><i class=\"far fa-angle-right\"><\/i><\/div><div class=\"g-breadcrumbs-item\">P\u00e0gines<\/div><\/nav><h1 class=\"w-text\"><span class=\"w-text-h\"><span class=\"w-text-value\">Sobre nosaltres<\/span><\/span><\/h1><div class=\"w-hwrapper us_custom_fab4abd9 valign_middle align_left\" style=\"--hwrapper-gap:0.5rem\"><span class=\"w-text us_custom_f4397b66\"><span class=\"w-text-h\"><span class=\"w-text-value\">Amb el suport de la consultoria Loyal<\/span><\/span><\/span><div class=\"w-image align_none\"><div class=\"w-image-h\"><img decoding=\"async\" width=\"29\" height=\"29\" src=\"https:\/\/housing-re.com\/wp-content\/uploads\/2026\/02\/logo-loyal-mini.png\" class=\"attachment-full size-full\" alt=\"\" loading=\"lazy\" \/><\/div><\/div><\/div><div class=\"wpb_text_column\"><div class=\"wpb_wrapper\"><p>A Housing R.E oferim un servei immobiliari integral per acompanyar-vos en cada fase de la compra o venda d&#8217;una propietat a Andorra. El que ens diferencia \u00e9s la nostra visi\u00f3 global de l&#8217;inversor: a m\u00e9s de la recerca de l&#8217;immoble, us assessorem en resid\u00e8ncies, inversi\u00f3 estrangera i estructura societ\u00e0ria, assegurant un acompanyament personalitzat i coherent amb els vostres objectius patrimonials.<\/p>\n<\/div><\/div><\/div><\/div><div class=\"wpb_column vc_column_container\"><div class=\"vc_column-inner\"><div class=\"w-image align_none\"><div class=\"w-image-h\"><img decoding=\"async\" width=\"593\" height=\"138\" src=\"https:\/\/housing-re.com\/wp-content\/uploads\/2025\/12\/Grupo-216.png\" class=\"attachment-large size-large\" alt=\"\" loading=\"lazy\" srcset=\"https:\/\/housing-re.com\/wp-content\/uploads\/2025\/12\/Grupo-216.png 593w, https:\/\/housing-re.com\/wp-content\/uploads\/2025\/12\/Grupo-216-300x70.png 300w\" sizes=\"auto, (max-width: 593px) 100vw, 593px\" \/><\/div><\/div><\/div><\/div><\/div><\/div><\/section><section class=\"l-section wpb_row us_custom_1f5f827b height_medium\"><div class=\"l-section-h i-cf\"><div class=\"g-cols vc_row via_grid cols_4 laptops-cols_inherit tablets-cols_inherit mobiles-cols_1 valign_top type_default stacking_default\"><div class=\"wpb_column vc_column_container\"><div class=\"vc_column-inner\"><div class=\"w-image us_custom_d69c2fe8 has_height align_center\"><div class=\"w-image-h\"><img decoding=\"async\" width=\"102\" height=\"102\" src=\"https:\/\/housing-re.com\/wp-content\/uploads\/2025\/12\/sobre-nosotros-4.png\" class=\"attachment-thumbnail size-thumbnail\" alt=\"\" loading=\"lazy\" \/><\/div><\/div><div class=\"wpb_text_column us_custom_44fd220d has_text_color\"><div class=\"wpb_wrapper\"><h4 style=\"text-align: center;\">Comprom\u00eds<\/h4>\n<p style=\"text-align: center;\">Ens impliquem en cada operaci\u00f3 com si fos nostra, acompanyant-vos en tot el proc\u00e9s amb proximitat i responsabilitat.<\/p>\n<\/div><\/div><\/div><\/div><div class=\"wpb_column vc_column_container\"><div class=\"vc_column-inner\"><div class=\"w-image us_custom_a7a85d1d has_height align_center\"><div class=\"w-image-h\"><img decoding=\"async\" width=\"102\" height=\"102\" src=\"https:\/\/housing-re.com\/wp-content\/uploads\/2025\/12\/Grupo-5737.png\" class=\"attachment-thumbnail size-thumbnail\" alt=\"\" loading=\"lazy\" \/><\/div><\/div><div class=\"wpb_text_column us_custom_44fd220d has_text_color\"><div class=\"wpb_wrapper\"><h4 style=\"text-align: center;\">Integritat<\/h4>\n<p style=\"text-align: center;\">Actuem amb transpar\u00e8ncia, honestedat i respecte per la normativa, perqu\u00e8 pugueu prendre decisions amb total confian\u00e7a.<\/p>\n<\/div><\/div><\/div><\/div><div class=\"wpb_column vc_column_container\"><div class=\"vc_column-inner\"><div class=\"w-image us_custom_c04a71d7 has_height align_center\"><div class=\"w-image-h\"><img decoding=\"async\" width=\"102\" height=\"102\" src=\"https:\/\/housing-re.com\/wp-content\/uploads\/2025\/12\/sobre-nosotros-2.png\" class=\"attachment-thumbnail size-thumbnail\" alt=\"\" loading=\"lazy\" \/><\/div><\/div><div class=\"wpb_text_column us_custom_44fd220d has_text_color\"><div class=\"wpb_wrapper\"><h4 style=\"text-align: center;\">Excel\u00b7l\u00e8ncia<\/h4>\n<p style=\"text-align: center;\">Treballem amb rigor i atenci\u00f3 al detall per oferir-vos un servei immobiliari prec\u00eds, eficient i professional.<\/p>\n<\/div><\/div><\/div><\/div><div class=\"wpb_column vc_column_container\"><div class=\"vc_column-inner\"><div class=\"w-image us_custom_c04a71d7 has_height align_center\"><div class=\"w-image-h\"><img decoding=\"async\" width=\"102\" height=\"102\" src=\"https:\/\/housing-re.com\/wp-content\/uploads\/2025\/12\/sobre-nosotros-3.png\" class=\"attachment-thumbnail size-thumbnail\" alt=\"\" loading=\"lazy\" \/><\/div><\/div><div class=\"wpb_text_column us_custom_44fd220d has_text_color\"><div class=\"wpb_wrapper\"><h4 style=\"text-align: center;\">Lealtat<\/h4>\n<p style=\"text-align: center;\">Defensem sempre els vostres interessos i constru\u00efm relacions de confian\u00e7a a llarg termini, abans, durant i despr\u00e9s de cada operaci\u00f3.<\/p>\n<\/div><\/div><\/div><\/div><\/div><\/div><\/section><section class=\"l-section wpb_row height_auto\"><div class=\"l-section-h i-cf\"><div class=\"g-cols vc_row via_grid cols_2 laptops-cols_inherit tablets-cols_inherit mobiles-cols_1 valign_middle type_default stacking_default\"><div class=\"wpb_column vc_column_container\"><div class=\"vc_column-inner\"><h2 class=\"w-text us_custom_f365b7f3\"><span class=\"w-text-h\"><span class=\"w-text-value\">La nostra visi\u00f3<\/span><\/span><\/h2><div class=\"wpb_text_column\"><div class=\"wpb_wrapper\"><p>Oferir un model de negoci diferenciat al mercat immobiliari, gr\u00e0cies a una proposta innovadora de serveis que inclou nous projectes, compra, venda, lloguer i consergeria.<\/p>\n<\/div><\/div><\/div><\/div><div class=\"wpb_column vc_column_container\"><div class=\"vc_column-inner\"><div class=\"w-image align_none\"><div class=\"w-image-h\"><img decoding=\"async\" width=\"960\" height=\"557\" src=\"https:\/\/housing-re.com\/wp-content\/uploads\/2025\/12\/housing-propiedades-en-andorra-sobre-nosotros.jpg\" class=\"attachment-large size-large\" alt=\"\" loading=\"lazy\" srcset=\"https:\/\/housing-re.com\/wp-content\/uploads\/2025\/12\/housing-propiedades-en-andorra-sobre-nosotros.jpg 960w, https:\/\/housing-re.com\/wp-content\/uploads\/2025\/12\/housing-propiedades-en-andorra-sobre-nosotros-300x174.jpg 300w\" sizes=\"auto, (max-width: 960px) 100vw, 960px\" \/><\/div><\/div><\/div><\/div><\/div><\/div><\/section><section class=\"l-section wpb_row us_custom_4611995d height_large\"><div class=\"l-section-h i-cf\"><div class=\"g-cols vc_row via_grid cols_1-3-1 laptops-cols_inherit tablets-cols_inherit mobiles-cols_1 valign_top type_default stacking_default\"><div class=\"wpb_column vc_column_container\"><div class=\"vc_column-inner\"><\/div><\/div><div class=\"wpb_column vc_column_container us_custom_345c8b9d has_text_color\"><div class=\"vc_column-inner\"><h2 class=\"w-text us_custom_0c4dbdce has_text_color\"><span class=\"w-text-h\"><span class=\"w-text-value\">La nostra missi\u00f3<\/span><\/span><\/h2><div class=\"wpb_text_column\"><div class=\"wpb_wrapper\"><p style=\"text-align: center;\">Aportar transpar\u00e8ncia, efici\u00e8ncia i simplicitat al mercat immobiliari, facilitant als nostres clients prendre les decisions correctes en l&#8217;entorn del \u201chousing\u201d.<\/p>\n<\/div><\/div><\/div><\/div><div class=\"wpb_column vc_column_container\"><div class=\"vc_column-inner\"><\/div><\/div><\/div><\/div><\/section><section class=\"l-section wpb_row height_medium width_full with_img\"><div class=\"l-section-img\" role=\"img\" aria-label=\"Imatge\" data-img-width=\"960\" data-img-height=\"557\" style=\"background-image: url(https:\/\/housing-re.com\/wp-content\/uploads\/2025\/12\/housing-propiedades-en-andorra-sobre-nosotros.jpg);background-position: bottom center;\"><\/div><div class=\"l-section-h i-cf\"><div class=\"g-cols vc_row via_grid cols_1 laptops-cols_inherit tablets-cols_inherit mobiles-cols_1 valign_top type_default stacking_default\"><div class=\"wpb_column vc_column_container\"><div class=\"vc_column-inner\"><div class=\"w-image align_center\"><div class=\"w-image-h\"><img decoding=\"async\" width=\"151\" height=\"156\" src=\"https:\/\/housing-re.com\/wp-content\/uploads\/2025\/12\/pripiedades-en-andorra.png\" class=\"attachment-full size-full\" alt=\"\" loading=\"lazy\" \/><\/div><\/div><h4 class=\"w-text us_custom_931c570e has_text_color\"><span class=\"w-text-h\"><span class=\"w-text-value\">Treballa amb nosaltres<\/span><\/span><\/h4><div class=\"wpb_text_column us_custom_328afc05 has_text_color\"><div class=\"wpb_wrapper\"><p>Treballar a Housing R.E \u00e9s combinar experi\u00e8ncia local i atenci\u00f3 a mida.<\/p>\n<\/div><\/div><div class=\"w-btn-wrapper align_center\"><a class=\"w-btn us-btn-style_1 icon_atleft\" href=\"#\"><i class=\"fas fa-mobile-alt\"><\/i><span class=\"w-btn-label\">Truca&#039;ns!<\/span><\/a><\/div><div class=\"w-btn-wrapper align_center\"><a class=\"w-btn us-btn-style_1 icon_atleft\" href=\"#\"><i class=\"fas fa-envelope\"><\/i><span class=\"w-btn-label\">info@housing-re.com<\/span><\/a><\/div><\/div><\/div><\/div><\/div><\/section>\n","protected":false},"excerpt":{"rendered":"IniciP\u00e0ginesSobre nosaltresAmb el suport de la consultoria LoyalA Housing R.E oferim un servei immobiliari integral per acompanyar-vos en cada fase de la compra o venda d&#8217;una propietat a Andorra. El que ens diferencia \u00e9s la nostra visi\u00f3 global de l&#8217;inversor: a m\u00e9s de la recerca de l&#8217;immoble, us assessorem en resid\u00e8ncies, inversi\u00f3 estrangera i estructura...","protected":false},"author":3,"featured_media":0,"parent":0,"menu_order":0,"comment_status":"closed","ping_status":"closed","template":"","meta":{"_acf_changed":false,"footnotes":""},"class_list":["post-832","page","type-page","status-publish","hentry"],"acf":[],"yoast_head":"<!-- This site is optimized with the Yoast SEO plugin v27.4 - https:\/\/yoast.com\/product\/yoast-seo-wordpress\/ -->\n<title>Sobre nosaltres - Housing-re<\/title>\n<meta name=\"description\" content=\"Housing Real State \u00e9s una immobili\u00e0ria especialitzada en propietats exclusives a Andorra, amb assessorament professional i atenci\u00f3 personalitzada.\" \/>\n<meta name=\"robots\" content=\"index, follow, max-snippet:-1, max-image-preview:large, max-video-preview:-1\" \/>\n<link rel=\"canonical\" href=\"https:\/\/housing-re.com\/ca\/sobre-nosaltres\/\" \/>\n<meta property=\"og:locale\" content=\"ca_ES\" \/>\n<meta property=\"og:type\" content=\"article\" \/>\n<meta property=\"og:title\" content=\"Sobre nosaltres - Housing-re\" \/>\n<meta property=\"og:description\" content=\"Housing Real State \u00e9s una immobili\u00e0ria especialitzada en propietats exclusives a Andorra, amb assessorament professional i atenci\u00f3 personalitzada.\" \/>\n<meta property=\"og:url\" content=\"https:\/\/housing-re.com\/ca\/sobre-nosaltres\/\" \/>\n<meta property=\"og:site_name\" content=\"Housing-re\" \/>\n<meta property=\"article:modified_time\" content=\"2026-04-23T06:58:09+00:00\" \/>\n<meta property=\"og:image\" content=\"https:\/\/housing-re.com\/wp-content\/uploads\/2025\/12\/housing.png\" \/>\n<meta name=\"twitter:card\" content=\"summary_large_image\" \/>\n<meta name=\"twitter:label1\" content=\"Temps estimat de lectura\" \/>\n\t<meta name=\"twitter:data1\" content=\"11 minut\" \/>\n<script type=\"application\/ld+json\" class=\"yoast-schema-graph\">{\"@context\":\"https:\\\/\\\/schema.org\",\"@graph\":[{\"@type\":\"WebPage\",\"@id\":\"https:\\\/\\\/housing-re.com\\\/ca\\\/sobre-nosaltres\\\/\",\"url\":\"https:\\\/\\\/housing-re.com\\\/ca\\\/sobre-nosaltres\\\/\",\"name\":\"Sobre nosaltres - Housing-re\",\"isPartOf\":{\"@id\":\"https:\\\/\\\/housing-re.com\\\/ca\\\/#website\"},\"primaryImageOfPage\":{\"@id\":\"https:\\\/\\\/housing-re.com\\\/ca\\\/sobre-nosaltres\\\/#primaryimage\"},\"image\":{\"@id\":\"https:\\\/\\\/housing-re.com\\\/ca\\\/sobre-nosaltres\\\/#primaryimage\"},\"thumbnailUrl\":\"https:\\\/\\\/housing-re.com\\\/wp-content\\\/uploads\\\/2025\\\/12\\\/housing.png\",\"datePublished\":\"2025-12-15T09:55:59+00:00\",\"dateModified\":\"2026-04-23T06:58:09+00:00\",\"description\":\"Housing Real State \u00e9s una immobili\u00e0ria especialitzada en propietats exclusives a Andorra, amb assessorament professional i atenci\u00f3 personalitzada.\",\"breadcrumb\":{\"@id\":\"https:\\\/\\\/housing-re.com\\\/ca\\\/sobre-nosaltres\\\/#breadcrumb\"},\"inLanguage\":\"ca\",\"potentialAction\":[{\"@type\":\"ReadAction\",\"target\":[\"https:\\\/\\\/housing-re.com\\\/ca\\\/sobre-nosaltres\\\/\"]}]},{\"@type\":\"ImageObject\",\"inLanguage\":\"ca\",\"@id\":\"https:\\\/\\\/housing-re.com\\\/ca\\\/sobre-nosaltres\\\/#primaryimage\",\"url\":\"https:\\\/\\\/housing-re.com\\\/wp-content\\\/uploads\\\/2025\\\/12\\\/housing.png\",\"contentUrl\":\"https:\\\/\\\/housing-re.com\\\/wp-content\\\/uploads\\\/2025\\\/12\\\/housing.png\"},{\"@type\":\"BreadcrumbList\",\"@id\":\"https:\\\/\\\/housing-re.com\\\/ca\\\/sobre-nosaltres\\\/#breadcrumb\",\"itemListElement\":[{\"@type\":\"ListItem\",\"position\":1,\"name\":\"Portada\",\"item\":\"https:\\\/\\\/housing-re.com\\\/ca\\\/\"},{\"@type\":\"ListItem\",\"position\":2,\"name\":\"Sobre nosaltres\"}]},{\"@type\":\"WebSite\",\"@id\":\"https:\\\/\\\/housing-re.com\\\/ca\\\/#website\",\"url\":\"https:\\\/\\\/housing-re.com\\\/ca\\\/\",\"name\":\"Housing-re\",\"description\":\"\",\"publisher\":{\"@id\":\"https:\\\/\\\/housing-re.com\\\/ca\\\/#organization\"},\"potentialAction\":[{\"@type\":\"SearchAction\",\"target\":{\"@type\":\"EntryPoint\",\"urlTemplate\":\"https:\\\/\\\/housing-re.com\\\/ca\\\/?s={search_term_string}\"},\"query-input\":{\"@type\":\"PropertyValueSpecification\",\"valueRequired\":true,\"valueName\":\"search_term_string\"}}],\"inLanguage\":\"ca\"},{\"@type\":\"Organization\",\"@id\":\"https:\\\/\\\/housing-re.com\\\/ca\\\/#organization\",\"name\":\"Housing-re\",\"url\":\"https:\\\/\\\/housing-re.com\\\/ca\\\/\",\"logo\":{\"@type\":\"ImageObject\",\"inLanguage\":\"ca\",\"@id\":\"https:\\\/\\\/housing-re.com\\\/ca\\\/#\\\/schema\\\/logo\\\/image\\\/\",\"url\":\"https:\\\/\\\/housing-re.com\\\/wp-content\\\/uploads\\\/2025\\\/12\\\/housing.png\",\"contentUrl\":\"https:\\\/\\\/housing-re.com\\\/wp-content\\\/uploads\\\/2025\\\/12\\\/housing.png\",\"width\":279,\"height\":21,\"caption\":\"Housing-re\"},\"image\":{\"@id\":\"https:\\\/\\\/housing-re.com\\\/ca\\\/#\\\/schema\\\/logo\\\/image\\\/\"}}]}<\/script>\n<!-- \/ Yoast SEO plugin. -->","yoast_head_json":{"title":"Sobre nosaltres - Housing-re","description":"Housing Real State \u00e9s una immobili\u00e0ria especialitzada en propietats exclusives a Andorra, amb assessorament professional i atenci\u00f3 personalitzada.","robots":{"index":"index","follow":"follow","max-snippet":"max-snippet:-1","max-image-preview":"max-image-preview:large","max-video-preview":"max-video-preview:-1"},"canonical":"https:\/\/housing-re.com\/ca\/sobre-nosaltres\/","og_locale":"ca_ES","og_type":"article","og_title":"Sobre nosaltres - Housing-re","og_description":"Housing Real State \u00e9s una immobili\u00e0ria especialitzada en propietats exclusives a Andorra, amb assessorament professional i atenci\u00f3 personalitzada.","og_url":"https:\/\/housing-re.com\/ca\/sobre-nosaltres\/","og_site_name":"Housing-re","article_modified_time":"2026-04-23T06:58:09+00:00","og_image":[{"url":"https:\/\/housing-re.com\/wp-content\/uploads\/2025\/12\/housing.png","type":"","width":"","height":""}],"twitter_card":"summary_large_image","twitter_misc":{"Temps estimat de lectura":"11 minut"},"schema":{"@context":"https:\/\/schema.org","@graph":[{"@type":"WebPage","@id":"https:\/\/housing-re.com\/ca\/sobre-nosaltres\/","url":"https:\/\/housing-re.com\/ca\/sobre-nosaltres\/","name":"Sobre nosaltres - Housing-re","isPartOf":{"@id":"https:\/\/housing-re.com\/ca\/#website"},"primaryImageOfPage":{"@id":"https:\/\/housing-re.com\/ca\/sobre-nosaltres\/#primaryimage"},"image":{"@id":"https:\/\/housing-re.com\/ca\/sobre-nosaltres\/#primaryimage"},"thumbnailUrl":"https:\/\/housing-re.com\/wp-content\/uploads\/2025\/12\/housing.png","datePublished":"2025-12-15T09:55:59+00:00","dateModified":"2026-04-23T06:58:09+00:00","description":"Housing Real State \u00e9s una immobili\u00e0ria especialitzada en propietats exclusives a Andorra, amb assessorament professional i atenci\u00f3 personalitzada.","breadcrumb":{"@id":"https:\/\/housing-re.com\/ca\/sobre-nosaltres\/#breadcrumb"},"inLanguage":"ca","potentialAction":[{"@type":"ReadAction","target":["https:\/\/housing-re.com\/ca\/sobre-nosaltres\/"]}]},{"@type":"ImageObject","inLanguage":"ca","@id":"https:\/\/housing-re.com\/ca\/sobre-nosaltres\/#primaryimage","url":"https:\/\/housing-re.com\/wp-content\/uploads\/2025\/12\/housing.png","contentUrl":"https:\/\/housing-re.com\/wp-content\/uploads\/2025\/12\/housing.png"},{"@type":"BreadcrumbList","@id":"https:\/\/housing-re.com\/ca\/sobre-nosaltres\/#breadcrumb","itemListElement":[{"@type":"ListItem","position":1,"name":"Portada","item":"https:\/\/housing-re.com\/ca\/"},{"@type":"ListItem","position":2,"name":"Sobre nosaltres"}]},{"@type":"WebSite","@id":"https:\/\/housing-re.com\/ca\/#website","url":"https:\/\/housing-re.com\/ca\/","name":"Housing-re","description":"","publisher":{"@id":"https:\/\/housing-re.com\/ca\/#organization"},"potentialAction":[{"@type":"SearchAction","target":{"@type":"EntryPoint","urlTemplate":"https:\/\/housing-re.com\/ca\/?s={search_term_string}"},"query-input":{"@type":"PropertyValueSpecification","valueRequired":true,"valueName":"search_term_string"}}],"inLanguage":"ca"},{"@type":"Organization","@id":"https:\/\/housing-re.com\/ca\/#organization","name":"Housing-re","url":"https:\/\/housing-re.com\/ca\/","logo":{"@type":"ImageObject","inLanguage":"ca","@id":"https:\/\/housing-re.com\/ca\/#\/schema\/logo\/image\/","url":"https:\/\/housing-re.com\/wp-content\/uploads\/2025\/12\/housing.png","contentUrl":"https:\/\/housing-re.com\/wp-content\/uploads\/2025\/12\/housing.png","width":279,"height":21,"caption":"Housing-re"},"image":{"@id":"https:\/\/housing-re.com\/ca\/#\/schema\/logo\/image\/"}}]}},"_links":{"self":[{"href":"https:\/\/housing-re.com\/ca\/wp-json\/wp\/v2\/pages\/832","targetHints":{"allow":["GET"]}}],"collection":[{"href":"https:\/\/housing-re.com\/ca\/wp-json\/wp\/v2\/pages"}],"about":[{"href":"https:\/\/housing-re.com\/ca\/wp-json\/wp\/v2\/types\/page"}],"author":[{"embeddable":true,"href":"https:\/\/housing-re.com\/ca\/wp-json\/wp\/v2\/users\/3"}],"replies":[{"embeddable":true,"href":"https:\/\/housing-re.com\/ca\/wp-json\/wp\/v2\/comments?post=832"}],"version-history":[{"count":17,"href":"https:\/\/housing-re.com\/ca\/wp-json\/wp\/v2\/pages\/832\/revisions"}],"predecessor-version":[{"id":1954,"href":"https:\/\/housing-re.com\/ca\/wp-json\/wp\/v2\/pages\/832\/revisions\/1954"}],"wp:attachment":[{"href":"https:\/\/housing-re.com\/ca\/wp-json\/wp\/v2\/media?parent=832"}],"curies":[{"name":"wp","href":"https:\/\/api.w.org\/{rel}","templated":true}]}}